{"id":7766,"date":"2021-01-25T14:29:02","date_gmt":"2021-01-25T22:29:02","guid":{"rendered":"https:\/\/rantent.com\/?page_id=7766"},"modified":"2023-02-13T07:16:47","modified_gmt":"2023-02-13T15:16:47","slug":"sobre-nosotras","status":"publish","type":"page","link":"https:\/\/rantent.com\/es\/sobre-nosotras\/","title":{"rendered":"Sobre nosotros"},"content":{"rendered":"<p style=\"text-align: justify;\">RantEnt es un sitio de despotricar sobre el entretenimiento que tiene como objetivo transmitir la informaci\u00f3n y el conocimiento sobre el mundo del entretenimiento a todos nuestros lectores. Sacamos a relucir la mejor representaci\u00f3n de los acontecimientos y procesos que se producen en el mundo del espect\u00e1culo.<\/p>\n<p style=\"text-align: justify;\">Adem\u00e1s, te traemos las mejores soluciones y hacks para acceder a contenidos con restricciones geogr\u00e1ficas en todo el mundo. Nuestro objetivo es conectar a la comunidad de espectadores y frikis del entretenimiento con los puntos que hacen que su mundo de entretenimiento sea incre\u00edble y completo.<\/p>\n<p style=\"text-align: justify;\">RantEnt es la plataforma donde puedes encontrar cualquier cosa sobre la industria del entretenimiento, incluyendo las \u00faltimas noticias, avances y otras coberturas.<\/p>\n","protected":false},"excerpt":{"rendered":"<p>RantEnt es un sitio de despotricar sobre el entretenimiento que tiene como objetivo transmitir la informaci\u00f3n y el conocimiento sobre el mundo del entretenimiento a todos nuestros lectores. Sacamos a relucir la mejor representaci\u00f3n de los acontecimientos y procesos que se producen en el mundo del espect\u00e1culo. Adem\u00e1s, te traemos las mejores soluciones y hacks [&hellip;]<\/p>\n","protected":false},"author":8,"featured_media":0,"parent":0,"menu_order":0,"comment_status":"closed","ping_status":"closed","template":"","meta":{"footnotes":""},"class_list":["post-7766","page","type-page","status-publish","hentry"],"_links":{"self":[{"href":"https:\/\/rantent.com\/es\/wp-json\/wp\/v2\/pages\/7766","targetHints":{"allow":["GET"]}}],"collection":[{"href":"https:\/\/rantent.com\/es\/wp-json\/wp\/v2\/pages"}],"about":[{"href":"https:\/\/rantent.com\/es\/wp-json\/wp\/v2\/types\/page"}],"author":[{"embeddable":true,"href":"https:\/\/rantent.com\/es\/wp-json\/wp\/v2\/users\/8"}],"replies":[{"embeddable":true,"href":"https:\/\/rantent.com\/es\/wp-json\/wp\/v2\/comments?post=7766"}],"version-history":[{"count":0,"href":"https:\/\/rantent.com\/es\/wp-json\/wp\/v2\/pages\/7766\/revisions"}],"wp:attachment":[{"href":"https:\/\/rantent.com\/es\/wp-json\/wp\/v2\/media?parent=7766"}],"curies":[{"name":"wp","href":"https:\/\/api.w.org\/{rel}","templated":true}]}}