{"id":7769,"date":"2021-01-29T00:58:53","date_gmt":"2021-01-29T08:58:53","guid":{"rendered":"https:\/\/rantent.com\/?page_id=7769"},"modified":"2023-02-13T07:16:14","modified_gmt":"2023-02-13T15:16:14","slug":"contacta-con-nosotros","status":"publish","type":"page","link":"https:\/\/rantent.com\/es\/contacta-con-nosotros\/","title":{"rendered":"Contacta con nosotros"},"content":{"rendered":"<p>RantEnt tiene como objetivo brindar las \u00faltimas noticias, avances y rese\u00f1as de pel\u00edculas y programas de televisi\u00f3n a la comunidad de espectadores compulsivos y fan\u00e1ticos del entretenimiento. Nuestros expertos son noct\u00e1mbulos y espectadores compulsivos que eval\u00faan cr\u00edticamente todas las din\u00e1micas de un programa o pel\u00edcula que vale la pena ver en exceso. Pero siempre estamos abiertos a las sugerencias y opiniones de nuestros lectores.<\/p>\n<p>Si tiene alguna consulta o sugerencia sobre cualquier pel\u00edcula, programa, canal o plataforma, siempre estamos aqu\u00ed para escuchar y aclarar.<\/p>\n<h2>Deja tu consulta<\/h2>\n<hr \/>\n<div class=\"wpcf7 no-js\" id=\"wpcf7-f7773-o1\" lang=\"es-ES\" dir=\"ltr\" data-wpcf7-id=\"7773\">\n<div class=\"screen-reader-response\">\n<p role=\"status\" aria-live=\"polite\" aria-atomic=\"true\">\n<ul><\/ul>\n<\/div>\n<form action=\"\/es\/wp-json\/wp\/v2\/pages\/7769#wpcf7-f7773-o1\" method=\"post\" class=\"wpcf7-form init\" aria-label=\"Contact form\" novalidate=\"novalidate\" data-status=\"init\">\n<fieldset class=\"hidden-fields-container\"><input type=\"hidden\" name=\"_wpcf7\" value=\"7773\" \/><input type=\"hidden\" name=\"_wpcf7_version\" value=\"6.1.1\" \/><input type=\"hidden\" name=\"_wpcf7_locale\" value=\"es_ES\" \/><input type=\"hidden\" name=\"_wpcf7_unit_tag\" value=\"wpcf7-f7773-o1\" \/><input type=\"hidden\" name=\"_wpcf7_container_post\" value=\"0\" \/><input type=\"hidden\" name=\"_wpcf7_posted_data_hash\" value=\"\" \/>\n<\/fieldset>\n<div class=\"row\">\n<div class=\"col-lg-6 col-md-6 col-12\">\n<div class=\"form-group\">\n<p><label for=\"contact-name\">Su nombre<\/label><br \/>\n<span class=\"wpcf7-form-control-wrap\" data-name=\"your-name\"><input size=\"40\" maxlength=\"400\" class=\"wpcf7-form-control wpcf7-text wpcf7-validates-as-required contact-name\" aria-required=\"true\" aria-invalid=\"false\" value=\"\" type=\"text\" name=\"your-name\" \/><\/span>\n\t\t\t<\/p>\n<\/p><\/div>\n<\/p><\/div>\n<div class=\"col-lg-6 col-md-6 col-12\">\n<div class=\"form-group\">\n<p><label>Tu correo electr\u00f3nico<\/label><br \/>\n<span class=\"wpcf7-form-control-wrap\" data-name=\"your-email\"><input size=\"40\" maxlength=\"400\" class=\"wpcf7-form-control wpcf7-email wpcf7-validates-as-required wpcf7-text wpcf7-validates-as-email contact-email\" aria-required=\"true\" aria-invalid=\"false\" value=\"\" type=\"email\" name=\"your-email\" \/><\/span>\n\t\t\t<\/p>\n<\/p><\/div>\n<\/p><\/div>\n<div class=\"col-lg-6 col-md-6 col-12\">\n<div class=\"form-group\">\n<p><label for=\"contact-phone\">Tel\u00e9fono<\/label><br \/>\n<span class=\"wpcf7-form-control-wrap\" data-name=\"your-phone\"><input class=\"wpcf7-form-control wpcf7-number wpcf7-validates-as-number contact-phone\" min=\"0\" aria-invalid=\"false\" value=\"\" type=\"number\" name=\"your-phone\" \/><\/span>\n\t\t\t<\/p>\n<\/p><\/div>\n<\/p><\/div>\n<div class=\"col-lg-6 col-md-6 col-12\">\n<div class=\"form-group\">\n<p><label for=\"contact-name\">Sujeta<\/label><br \/>\n<span class=\"wpcf7-form-control-wrap\" data-name=\"your-subject\"><input size=\"40\" maxlength=\"400\" class=\"wpcf7-form-control wpcf7-text wpcf7-validates-as-required contact-name\" aria-required=\"true\" aria-invalid=\"false\" value=\"\" type=\"text\" name=\"your-subject\" \/><\/span>\n\t\t\t<\/p>\n<\/p><\/div>\n<\/p><\/div>\n<div class=\"col-12\">\n<div class=\"form-group\">\n<p><label for=\"contact-message\">Tu mensaje<\/label><br \/>\n<span class=\"wpcf7-form-control-wrap\" data-name=\"contact-message\"><textarea cols=\"40\" rows=\"10\" maxlength=\"2000\" class=\"wpcf7-form-control wpcf7-textarea wpcf7-validates-as-required\" aria-required=\"true\" aria-invalid=\"false\" name=\"contact-message\"><\/textarea><\/span>\n\t\t\t<\/p>\n<\/p><\/div>\n<\/p><\/div>\n<div class=\"col-12\">\n<div class=\"form-submit\">\n<p><input class=\"wpcf7-form-control wpcf7-submit has-spinner\" type=\"submit\" value=\"Send\" \/>\n\t\t\t<\/p>\n<\/p><\/div>\n<\/p><\/div>\n<\/div>\n<p style=\"display: none !important;\" class=\"akismet-fields-container\" data-prefix=\"_wpcf7_ak_\"><label>&#916;<textarea name=\"_wpcf7_ak_hp_textarea\" cols=\"45\" rows=\"8\" maxlength=\"100\"><\/textarea><\/label><input type=\"hidden\" id=\"ak_js_1\" name=\"_wpcf7_ak_js\" value=\"7\"\/><script>document.getElementById( \"ak_js_1\" ).setAttribute( \"value\", ( new Date() ).getTime() );<\/script><\/p>\n<div class=\"wpcf7-response-output\" aria-hidden=\"true\"><\/div>\n<\/form>\n<\/div>\n<hr \/>\n<div class=\"rank-math-contact-info show-name show-organization_description show-email show-address show-hours show-phone show-additional_info show-map\">\n<div class=\"rank-math-contact-section rank-math-contact-name\">\n<h4 class=\"rank-math-name\">\n\t\t\t<a href=\"https:\/\/rantent.com\/\">RantEnt<\/a>\n\t\t<\/h4>\n<\/p><\/div>\n<div class=\"rank-math-contact-section rank-math-contact-organization_description\"><\/div>\n<div class=\"rank-math-contact-section rank-math-contact-email\">\n<div class=\"rank-math-email\">\n\t\t\t<label>Correo electr\u00f3nico:<\/label>\n\t\t\t<a href=\"mailto:support@rantent.com\">support@rantent.com<\/a>\n\t\t<\/div>\n<\/p><\/div>\n<div class=\"rank-math-contact-section rank-math-contact-address\">\t\t<label>Direcci\u00f3n:<\/label><\/p>\n<address><span class=\"contact-address-streetAddress\">906 Hummingbird Dr<\/span> <span class=\"contact-address-addressLocality\">San Jose<\/span>, <span class=\"contact-address-addressRegion\">CA<\/span> <span class=\"contact-address-postalCode\">95125<\/span><\/address>\n<\/p><\/div>\n<div class=\"rank-math-contact-section rank-math-contact-hours\">\t\t<label>Horas:<\/label><\/p>\n<div class=\"rank-math-contact-hours-details\">\n<div class=\"rank-math-opening-hours\"><span class=\"rank-math-opening-days\">lunes, martes, mi\u00e9rcoles, jueves, viernes, s\u00e1bado, domingo<\/span><span class=\"rank-math-opening-time\">9:00 am &ndash; 5:00 pm<\/span><\/div>\n<\/p><\/div>\n<\/p><\/div>\n<div class=\"rank-math-contact-section rank-math-contact-phone\">\n<div class=\"rank-math-phone-number type-technicalsupport\">\n\t\t\t\t<label>Asistencia t\u00e9cnica:<\/label>\n\t\t\t\t<span><a href=\"tel:+1 408-267-2833\">+1 408-267-2833<\/a><\/span>\n\t\t\t<\/div>\n<\/p><\/div>\n<div class=\"rank-math-contact-section rank-math-contact-additional_info\"><\/div>\n<div class=\"rank-math-contact-section rank-math-contact-map\"><\/div>\n<\/div>\n<div class=\"clear\"><\/div>\n","protected":false},"excerpt":{"rendered":"<p>RantEnt tiene como objetivo brindar las \u00faltimas noticias, avances y rese\u00f1as de pel\u00edculas y programas de televisi\u00f3n a la comunidad de espectadores compulsivos y fan\u00e1ticos del entretenimiento. Nuestros expertos son noct\u00e1mbulos y espectadores compulsivos que eval\u00faan cr\u00edticamente todas las din\u00e1micas de un programa o pel\u00edcula que vale la pena ver en exceso. Pero siempre estamos [&hellip;]<\/p>\n","protected":false},"author":1,"featured_media":0,"parent":0,"menu_order":0,"comment_status":"closed","ping_status":"closed","template":"","meta":{"footnotes":""},"class_list":["post-7769","page","type-page","status-publish","hentry"],"_links":{"self":[{"href":"https:\/\/rantent.com\/es\/wp-json\/wp\/v2\/pages\/7769","targetHints":{"allow":["GET"]}}],"collection":[{"href":"https:\/\/rantent.com\/es\/wp-json\/wp\/v2\/pages"}],"about":[{"href":"https:\/\/rantent.com\/es\/wp-json\/wp\/v2\/types\/page"}],"author":[{"embeddable":true,"href":"https:\/\/rantent.com\/es\/wp-json\/wp\/v2\/users\/1"}],"replies":[{"embeddable":true,"href":"https:\/\/rantent.com\/es\/wp-json\/wp\/v2\/comments?post=7769"}],"version-history":[{"count":0,"href":"https:\/\/rantent.com\/es\/wp-json\/wp\/v2\/pages\/7769\/revisions"}],"wp:attachment":[{"href":"https:\/\/rantent.com\/es\/wp-json\/wp\/v2\/media?parent=7769"}],"curies":[{"name":"wp","href":"https:\/\/api.w.org\/{rel}","templated":true}]}}