{"id":7771,"date":"2021-01-25T14:29:02","date_gmt":"2021-01-25T22:29:02","guid":{"rendered":"https:\/\/rantent.com\/?page_id=7771"},"modified":"2023-02-13T07:16:37","modified_gmt":"2023-02-13T15:16:37","slug":"politica-de-privacidad","status":"publish","type":"page","link":"https:\/\/rantent.com\/es\/politica-de-privacidad\/","title":{"rendered":"Pol\u00edtica de privacidad"},"content":{"rendered":"<p>Nuestra m\u00e1xima prioridad en RantEnt es cuidar la privacidad y la protecci\u00f3n de los datos de los usuarios. Por lo tanto, todas nuestras pol\u00edticas y cl\u00e1usulas est\u00e1n cuidadosamente hechas de acuerdo con las mismas. Adem\u00e1s, todas estas pol\u00edticas y cl\u00e1usulas son s\u00f3lo impl\u00edcitas a RantEnt.com. Ninguna otra entidad, incluidos terceros o afiliados, tiene derecho a la informaci\u00f3n de los usuarios.<\/p>\n<p>Todas estas pol\u00edticas est\u00e1n sujetas a cambios o actualizaciones en el futuro seg\u00fan la situaci\u00f3n.<\/p>\n<hr \/>\n<h2>Recogida de datos por RantEnt<\/h2>\n<p>\u00danicamente recogemos los datos de los usuarios para mejorar la experiencia de uso de nuestro sitio y mejorar nuestros servicios.<\/p>\n<p><strong>\n<em>Datos automatizados:<\/em>\n<\/strong> La comunicaci\u00f3n automatizada se produce a trav\u00e9s de cookies en su visita a nuestro sitio. Estas cookies son peque\u00f1os archivos que se almacenan en su ordenador y transmiten ciertos datos automatizados. Esto incluye el tipo de navegador que utiliz\u00f3, la duraci\u00f3n de la visita, el idioma y los clics por visita.<\/p>\n<p><strong>\n<em>Datos generados por el usuario:<\/em>\n<\/strong> Tambi\u00e9n recogemos los datos que usted nos proporciona. Estos datos incluyen sus comentarios, sondeos y participaci\u00f3n en encuestas. Adem\u00e1s, analizamos los mismos a trav\u00e9s de los comentarios, likes y shares, y cualquier otra participaci\u00f3n que realices en nuestros art\u00edculos o blogs.<\/p>\n<p><strong>M\u00f3viles:<\/strong> Si nos visita a trav\u00e9s de dispositivos m\u00f3viles, podr\u00edamos ver su ubicaci\u00f3n o el dispositivo que est\u00e1 utilizando. De este modo, utilizamos la misma para proporcionarle la informaci\u00f3n pertinente, anuncios, servicios y otros contenidos personalizados basados en la misma.<\/p>\n<p>No compartimos ninguna de las informaciones que recopilamos con terceros ni con ninguna de nuestras filiales, excepto si lo exige la ley. Si se da la situaci\u00f3n de compartir su informaci\u00f3n, s\u00f3lo procederemos con su permiso considerado.<\/p>\n<hr \/>\n<h3>\u00bfC\u00f3mo utilizamos sus datos?<\/h3>\n<p>RantEnt, almacena y utiliza sus datos \u00fanicamente para mejorar la experiencia de todos nuestros lectores y usuarios.<\/p>\n<p>Recogemos datos a trav\u00e9s de canales automatizados y de la participaci\u00f3n de los usuarios, y los mismos se utilizan para mejorar el contenido para los usuarios. No proporcionamos ninguno de sus datos a terceros, y siempre se mantienen privados y confidenciales.<\/p>\n<p>Adem\u00e1s, utilizamos los mismos datos con fines de investigaci\u00f3n para sacar a la luz los mejores tipos de contenido y diversos temas interesantes que a nuestros usuarios les gustar\u00eda ver en nuestro sitio.<\/p>\n<hr \/>\n<h3>Afiliados y enlaces externos en RantEnt<\/h3>\n<p>En RantEnt, puedes encontrar varios enlaces externos de terceros, anunciantes y afiliados en nuestros blogs, art\u00edculos y diferentes p\u00e1ginas web. Sin embargo, tenga en cuenta que no tenemos ning\u00fan control sobre estos enlaces y sitios web.<\/p>\n<p>Usted ser\u00e1 redirigido a estas p\u00e1ginas cuando haga clic en estos enlaces, y RantEnt no es responsable de cualquier cosa que ocurra con sus datos en estas p\u00e1ginas. Por lo tanto, le aconsejamos que compruebe la pol\u00edtica de privacidad de estas p\u00e1ginas antes de realizar cualquier acci\u00f3n en estos enlaces.<\/p>\n<hr \/>\n<h3>\u00bfC\u00f3mo protege RantEnt sus datos?<\/h3>\n<p>Nuestras bases de datos son altamente seguras y est\u00e1n encriptadas para garantizar la protecci\u00f3n de todos los datos que tenemos. Nuestros expertos en tecnolog\u00eda trabajan continuamente para mantener sus datos seguros y protegidos de cualquier tercero que pueda utilizarlos por razones ilegales y poco \u00e9ticas.<\/p>\n<p>Si tiene alg\u00fan indicio o siente que sus datos han sido violados, le rogamos que nos informe inmediatamente con todos los detalles para que podamos tomar otras medidas.<\/p>\n","protected":false},"excerpt":{"rendered":"<p>Nuestra m\u00e1xima prioridad en RantEnt es cuidar la privacidad y la protecci\u00f3n de los datos de los usuarios. Por lo tanto, todas nuestras pol\u00edticas y cl\u00e1usulas est\u00e1n cuidadosamente hechas de acuerdo con las mismas. Adem\u00e1s, todas estas pol\u00edticas y cl\u00e1usulas son s\u00f3lo impl\u00edcitas a RantEnt.com. Ninguna otra entidad, incluidos terceros o afiliados, tiene derecho a [&hellip;]<\/p>\n","protected":false},"author":4,"featured_media":0,"parent":0,"menu_order":0,"comment_status":"closed","ping_status":"open","template":"","meta":{"footnotes":""},"class_list":["post-7771","page","type-page","status-publish","hentry"],"_links":{"self":[{"href":"https:\/\/rantent.com\/es\/wp-json\/wp\/v2\/pages\/7771","targetHints":{"allow":["GET"]}}],"collection":[{"href":"https:\/\/rantent.com\/es\/wp-json\/wp\/v2\/pages"}],"about":[{"href":"https:\/\/rantent.com\/es\/wp-json\/wp\/v2\/types\/page"}],"author":[{"embeddable":true,"href":"https:\/\/rantent.com\/es\/wp-json\/wp\/v2\/users\/4"}],"replies":[{"embeddable":true,"href":"https:\/\/rantent.com\/es\/wp-json\/wp\/v2\/comments?post=7771"}],"version-history":[{"count":0,"href":"https:\/\/rantent.com\/es\/wp-json\/wp\/v2\/pages\/7771\/revisions"}],"wp:attachment":[{"href":"https:\/\/rantent.com\/es\/wp-json\/wp\/v2\/media?parent=7771"}],"curies":[{"name":"wp","href":"https:\/\/api.w.org\/{rel}","templated":true}]}}